{"id":16,"date":"2016-03-23T16:20:56","date_gmt":"2016-03-23T16:20:56","guid":{"rendered":"https:\/\/tecnirisk.com\/2017\/?page_id=16"},"modified":"2016-06-29T09:55:35","modified_gmt":"2016-06-29T09:55:35","slug":"principles","status":"publish","type":"page","link":"https:\/\/tecnirisk.com\/index.php\/pagina-1\/principles\/","title":{"rendered":"PRINCIPIOS"},"content":{"rendered":"<p>Nuestro trabajo se\u00a0 fundamenta en los siguientes principios:<\/p>\n<ol>\n<li>Independencia<\/li>\n<li>Innovaci\u00f3n<\/li>\n<li>Especializaci\u00f3n<\/li>\n<li>Servicio<\/li>\n<li>Solvencia<\/li>\n<li>Fiabilidad<\/li>\n<li>Honestidad<\/li>\n<\/ol>\n<p>1. Independencia<br \/>\nTecnirisk no tiene vinculaci\u00f3n societaria o de ning\u00fan otro tipo con corredur\u00edas o compa\u00f1\u00edas de seguro lo que nos permite priorizar los intereses de nuestros clientes.<\/p>\n<p>2. Innovaci\u00f3n<br \/>\nEn nuestro af\u00e1n por ofrecer productos especializados, colaboramos activamente con los diversos actores nacionales e internacionales (suscriptores, brokers, gerentes de riesgos, etc.) con el fin de importar y\/o crear nuevos productos que ponemos a disposici\u00f3n de nuestros clientes.<\/p>\n<p>3. Especializaci\u00f3n<br \/>\nEl equipo humano de\u00a0 Tecnirisk acumula a\u00f1os de experiencia en diferentes \u00e1reas de\u00a0\u00a0negocio lo que\u00a0 nos permite ofrecer\u00a0 conocimientos espec\u00edficos en diversas l\u00edneas de\u00a0negocio.<\/p>\n<p>4. Servicio<br \/>\nNuestros niveles de compromiso de servicio se centran no s\u00f3lo en la rapidez de emisi\u00f3n de propuestas y\/o documentaci\u00f3n sino que tambi\u00e9n abarcan una gesti\u00f3n documental y de siniestros efectiva y eficaz.<\/p>\n<p>5. Solvencia<br \/>\nTecnirisk s\u00f3lo escoge compa\u00f1\u00edas \/ mercados capaces de demostrar una probada solvencia, excelente rating y la experiencia y conocimientos necesarios en el ramo considerado.<\/p>\n<p>6. Fiabilidad<br \/>\nColocaciones en Libre Prestaci\u00f3n de Servicios con compa\u00f1\u00edas autorizadas por la Direcci\u00f3n General de Seguros para operar en Espa\u00f1a.<\/p>\n<p>7. Honestidad<br \/>\nNuestro principal compromiso\u00a0es la protecci\u00f3n de los\u00a0intereses de nuestros clientes dentro del estricto respecto de la \u00e9tica profesional as\u00ed como de la legislaci\u00f3n vigente.<\/p>","protected":false},"excerpt":{"rendered":"<p>Nuestro trabajo se\u00a0 fundamenta en los siguientes principios: Independencia Innovaci\u00f3n Especializaci\u00f3n Servicio Solvencia Fiabilidad Honestidad 1. Independencia Tecnirisk no tiene vinculaci\u00f3n societaria o de ning\u00fan otro tipo con corredur\u00edas o compa\u00f1\u00edas de seguro lo que nos permite priorizar los intereses de nuestros clientes. 2. Innovaci\u00f3n En nuestro af\u00e1n por ofrecer productos especializados, colaboramos activamente con &hellip; <a href=\"https:\/\/tecnirisk.com\/index.php\/pagina-1\/principles\/\" class=\"more-link\">Seguir leyendo <span class=\"screen-reader-text\">PRINCIPIOS<\/span> <span class=\"meta-nav\">&rarr;<\/span><\/a><\/p>\n","protected":false},"author":1,"featured_media":0,"parent":5,"menu_order":1,"comment_status":"closed","ping_status":"closed","template":"","meta":{"footnotes":""},"_links":{"self":[{"href":"https:\/\/tecnirisk.com\/index.php\/wp-json\/wp\/v2\/pages\/16"}],"collection":[{"href":"https:\/\/tecnirisk.com\/index.php\/wp-json\/wp\/v2\/pages"}],"about":[{"href":"https:\/\/tecnirisk.com\/index.php\/wp-json\/wp\/v2\/types\/page"}],"author":[{"embeddable":true,"href":"https:\/\/tecnirisk.com\/index.php\/wp-json\/wp\/v2\/users\/1"}],"replies":[{"embeddable":true,"href":"https:\/\/tecnirisk.com\/index.php\/wp-json\/wp\/v2\/comments?post=16"}],"version-history":[{"count":16,"href":"https:\/\/tecnirisk.com\/index.php\/wp-json\/wp\/v2\/pages\/16\/revisions"}],"predecessor-version":[{"id":245,"href":"https:\/\/tecnirisk.com\/index.php\/wp-json\/wp\/v2\/pages\/16\/revisions\/245"}],"up":[{"embeddable":true,"href":"https:\/\/tecnirisk.com\/index.php\/wp-json\/wp\/v2\/pages\/5"}],"wp:attachment":[{"href":"https:\/\/tecnirisk.com\/index.php\/wp-json\/wp\/v2\/media?parent=16"}],"curies":[{"name":"wp","href":"https:\/\/api.w.org\/{rel}","templated":true}]}}