{"id":2,"date":"2016-02-11T10:23:39","date_gmt":"2016-02-11T10:23:39","guid":{"rendered":"https:\/\/tecnirisk.com\/2017\/?page_id=2"},"modified":"2016-08-04T10:55:06","modified_gmt":"2016-08-04T10:55:06","slug":"sample-page","status":"publish","type":"page","link":"https:\/\/tecnirisk.com\/index.php\/sample-page\/","title":{"rendered":"PRODUCTOS"},"content":{"rendered":"<p><\/p>\n<ul>\n<li><a href=\"https:\/\/tecnirisk.com\/index.php\/sample-page\/espanol-extension-de-garantia-para-maquinaria\/\">EXTENSI\u00d3N DE GARANT\u00cdA PARA MAQUINARIA<\/a><\/li>\n<li><a href=\"https:\/\/tecnirisk.com\/index.php\/sample-page\/espanol-energia\/\">ENERG\u00cdA<\/a><\/li>\n<li><a href=\"https:\/\/tecnirisk.com\/index.php\/sample-page\/machinery-breakdown\/\">AVER\u00cdA DE MAQUINARIA<\/a><\/li>\n<li><a href=\"https:\/\/tecnirisk.com\/index.php\/sample-page\/property-damages\/\">DA\u00d1OS MATERIALES<\/a><\/li>\n<li><a href=\"https:\/\/tecnirisk.com\/index.php\/sample-page\/liability\/\">RESPONSABILIDAD CIVIL<\/a><\/li>\n<li><a href=\"https:\/\/tecnirisk.com\/index.php\/sample-page\/construction-and-erection\/\">CONSTRUCCI\u00d3N Y MONTAJE<\/a><\/li>\n<\/ul>\n<p>&nbsp;<\/p>","protected":false},"excerpt":{"rendered":"<p>EXTENSI\u00d3N DE GARANT\u00cdA PARA MAQUINARIA ENERG\u00cdA AVER\u00cdA DE MAQUINARIA DA\u00d1OS MATERIALES RESPONSABILIDAD CIVIL CONSTRUCCI\u00d3N Y MONTAJE &nbsp;<\/p>\n","protected":false},"author":1,"featured_media":0,"parent":0,"menu_order":2,"comment_status":"closed","ping_status":"open","template":"","meta":{"footnotes":""},"_links":{"self":[{"href":"https:\/\/tecnirisk.com\/index.php\/wp-json\/wp\/v2\/pages\/2"}],"collection":[{"href":"https:\/\/tecnirisk.com\/index.php\/wp-json\/wp\/v2\/pages"}],"about":[{"href":"https:\/\/tecnirisk.com\/index.php\/wp-json\/wp\/v2\/types\/page"}],"author":[{"embeddable":true,"href":"https:\/\/tecnirisk.com\/index.php\/wp-json\/wp\/v2\/users\/1"}],"replies":[{"embeddable":true,"href":"https:\/\/tecnirisk.com\/index.php\/wp-json\/wp\/v2\/comments?post=2"}],"version-history":[{"count":9,"href":"https:\/\/tecnirisk.com\/index.php\/wp-json\/wp\/v2\/pages\/2\/revisions"}],"predecessor-version":[{"id":288,"href":"https:\/\/tecnirisk.com\/index.php\/wp-json\/wp\/v2\/pages\/2\/revisions\/288"}],"wp:attachment":[{"href":"https:\/\/tecnirisk.com\/index.php\/wp-json\/wp\/v2\/media?parent=2"}],"curies":[{"name":"wp","href":"https:\/\/api.w.org\/{rel}","templated":true}]}}