{"id":264,"date":"2016-08-03T09:59:28","date_gmt":"2016-08-03T09:59:28","guid":{"rendered":"https:\/\/tecnirisk.com\/?page_id=264"},"modified":"2016-08-04T11:17:34","modified_gmt":"2016-08-04T11:17:34","slug":"espanol-extension-de-garantia-para-maquinaria","status":"publish","type":"page","link":"https:\/\/tecnirisk.com\/index.php\/sample-page\/espanol-extension-de-garantia-para-maquinaria\/","title":{"rendered":"EXTENSI\u00d3N DE GARANT\u00cdA PARA MAQUINARIA"},"content":{"rendered":"<p>Cobertura<br \/>\nEste seguro proporciona cobertura de aver\u00eda de maquinaria para equipos y maquinaria situados en cualquier lugar del mundo (pueden aplicar restricciones).<\/p>\n<p>Aver\u00eda de maquinaria: ruptura repentina e imprevista, distorsi\u00f3n, sobrecalentamiento o recalentamiento el\u00e9ctrico de cualquier parte de la m\u00e1quina que se produce mientras la m\u00e1quina est\u00e1 en uso, lo que resulta en una inmediata parada total o parcial de su funci\u00f3n programada y que requiere de su reparaci\u00f3n y \/ o sustituci\u00f3n para que el trabajo normal pueda ser reanudado<\/p>\n<p>Beneficios<\/p>\n<ul>\n<li>Los costes de reparaci\u00f3n o reposici\u00f3n de los componentes que han fallado son pagados<\/li>\n<li>Prima Fija \/ cubre hasta cinco a\u00f1os: la cobertura y la prima se mantendr\u00e1n sin cambios, independientemente del n\u00famero de siniestros<\/li>\n<li>Las reclamaciones se gestionan internamente sin la necesidad de un perito<\/li>\n<li>Renovable<\/li>\n<\/ul>\n<p>Tipo de Maquinaria<\/p>\n<ul>\n<li><a href=\"https:\/\/tecnirisk.com\/index.php\/sample-page\/espanol-extension-de-garantia-para-maquinaria\/espanol-extension-de-garantia-para-maquinaria-fija\/\">Maquinaria Fija<\/a><\/li>\n<li><a href=\"https:\/\/tecnirisk.com\/index.php\/sample-page\/espanol-extension-de-garantia-para-maquinaria\/espanol-extension-de-garantia-para-maquinaria-movil\/\">Maquinaria M\u00f3vil<\/a><\/li>\n<li><a href=\"https:\/\/tecnirisk.com\/index.php\/sample-page\/espanol-extension-de-garantia-para-maquinaria\/extension-de-garantia-para-maquinaria-para-turbinas-eolicas\/\">Turbinas E\u00f3licas<\/a><\/li>\n<\/ul>\n<p>Pago de la Prima<br \/>\nPor lo general, la prima se paga en su totalidad a fecha efecto de la p\u00f3liza, por lo general como parte del acuerdo de financiaci\u00f3n para la m\u00e1quina.<\/p>\n<p>Impuestos<br \/>\nLas primas est\u00e1n sujetas a impuestos locales seg\u00fan sea aplicable.<\/p>\n<p>Reclamaciones<br \/>\nLos siniestros deben ser informados tan pronto como sea posible y el formulario de reclamaci\u00f3n debe presentarse dentro de los 30 d\u00edas siguientes a la ocurrencia. Las piezas deben ser guardadas para una posible inspecci\u00f3n.<\/p>\n<p>En el caso de quejas se aplicar\u00e1 el Procedimiento de Lloyd\u2019s (Lloyd&#8217;s Complaints Procedure).<\/p>\n<p>Cancelaciones y reembolsos<br \/>\nNo cancelable. Devoluci\u00f3n de la prima si la m\u00e1quina es vendida o el cliente deja de operar.<\/p>\n<p>Principales Exclusiones<\/p>\n<ul>\n<li>La franquicia<\/li>\n<li>P\u00e9rdidas consecuenciales<\/li>\n<li>Maquinaria alquilada o cedida en alquiler (solo maquinaria fija)<\/li>\n<li>Robo o intento de robo<\/li>\n<li>La p\u00e9rdida o da\u00f1os causados por incendio, rayo, ca\u00edda de avi\u00f3n, explosi\u00f3n o da\u00f1os accidentales<\/li>\n<li>El desgaste, deterioro gradual, oxidaci\u00f3n o corrosi\u00f3n, sobrecarga intencional, pruebas o comisionamiento<\/li>\n<li>La p\u00e9rdida o da\u00f1os cubiertos por la garant\u00eda del fabricante u otra garant\u00eda de otro tipo<\/li>\n<li>Cl\u00e1usula de defectos en serie<\/li>\n<\/ul>\n<p>Aplican T\u00e9rminos y Condiciones.<\/p>\n<p>Estas p\u00f3lizas est\u00e1n suscritas por CNC Asset como agente de ciertos subscriptores de Lloyd\u2019s.<br \/>\nCNC Asset es una agencia de subscripci\u00f3n aprobada por Lloyd\u2019s.<br \/>\nTecnirisk opera como CNC Asset Portfolio Manager para Espa\u00f1a y Portugal<\/p>\n<p>Para m\u00e1s informaci\u00f3n <a href=\"https:\/\/tecnirisk.com\/index.php\/contact\/\">cont\u00e1ctenos<\/a>.<\/p>","protected":false},"excerpt":{"rendered":"<p>Cobertura Este seguro proporciona cobertura de aver\u00eda de maquinaria para equipos y maquinaria situados en cualquier lugar del mundo (pueden aplicar restricciones). Aver\u00eda de maquinaria: ruptura repentina e imprevista, distorsi\u00f3n, sobrecalentamiento o recalentamiento el\u00e9ctrico de cualquier parte de la m\u00e1quina que se produce mientras la m\u00e1quina est\u00e1 en uso, lo que resulta en una inmediata &hellip; <a href=\"https:\/\/tecnirisk.com\/index.php\/sample-page\/espanol-extension-de-garantia-para-maquinaria\/\" class=\"more-link\">Seguir leyendo <span class=\"screen-reader-text\">EXTENSI\u00d3N DE GARANT\u00cdA PARA MAQUINARIA<\/span> <span class=\"meta-nav\">&rarr;<\/span><\/a><\/p>\n","protected":false},"author":1,"featured_media":0,"parent":2,"menu_order":0,"comment_status":"closed","ping_status":"closed","template":"","meta":{"footnotes":""},"_links":{"self":[{"href":"https:\/\/tecnirisk.com\/index.php\/wp-json\/wp\/v2\/pages\/264"}],"collection":[{"href":"https:\/\/tecnirisk.com\/index.php\/wp-json\/wp\/v2\/pages"}],"about":[{"href":"https:\/\/tecnirisk.com\/index.php\/wp-json\/wp\/v2\/types\/page"}],"author":[{"embeddable":true,"href":"https:\/\/tecnirisk.com\/index.php\/wp-json\/wp\/v2\/users\/1"}],"replies":[{"embeddable":true,"href":"https:\/\/tecnirisk.com\/index.php\/wp-json\/wp\/v2\/comments?post=264"}],"version-history":[{"count":13,"href":"https:\/\/tecnirisk.com\/index.php\/wp-json\/wp\/v2\/pages\/264\/revisions"}],"predecessor-version":[{"id":296,"href":"https:\/\/tecnirisk.com\/index.php\/wp-json\/wp\/v2\/pages\/264\/revisions\/296"}],"up":[{"embeddable":true,"href":"https:\/\/tecnirisk.com\/index.php\/wp-json\/wp\/v2\/pages\/2"}],"wp:attachment":[{"href":"https:\/\/tecnirisk.com\/index.php\/wp-json\/wp\/v2\/media?parent=264"}],"curies":[{"name":"wp","href":"https:\/\/api.w.org\/{rel}","templated":true}]}}