{"id":273,"date":"2016-08-03T10:31:07","date_gmt":"2016-08-03T10:31:07","guid":{"rendered":"https:\/\/tecnirisk.com\/?page_id=273"},"modified":"2016-08-03T10:41:04","modified_gmt":"2016-08-03T10:41:04","slug":"espanol-extension-de-garantia-para-maquinaria-fija","status":"publish","type":"page","link":"https:\/\/tecnirisk.com\/index.php\/sample-page\/espanol-extension-de-garantia-para-maquinaria\/espanol-extension-de-garantia-para-maquinaria-fija\/","title":{"rendered":"EXTENSI\u00d3N DE GARANT\u00cdA PARA MAQUINARIA FIJA"},"content":{"rendered":"<p>Cobertura<br \/>\nEste seguro proporciona cobertura de aver\u00eda de maquinaria y error del operador para equipos fijos instalados y utilizados en las instalaciones propiedad u ocupadas por el cliente del asegurado situadas en cualquier lugar del mundo (pueden aplicar restricciones).<\/p>\n<ul>\n<li>Aver\u00eda de maquinaria: ruptura repentina e imprevista, distorsi\u00f3n, sobrecalentamiento o recalentamiento el\u00e9ctrico de cualquier parte de la m\u00e1quina que se produce mientras la m\u00e1quina est\u00e1 en uso, lo que resulta en una inmediata parada total o parcial de su funci\u00f3n programada y que requiere de su reparaci\u00f3n y \/ o sustituci\u00f3n para que el trabajo normal pueda ser reanudado<\/li>\n<li>Error del operador (opcional): da\u00f1os como resultado de errores accidentales causados por los operadores empleados por el Asegurado incluyendo el uso incorrecto o la programaci\u00f3n de la m\u00e1quina por parte del operador<\/li>\n<\/ul>\n<p>Si una m\u00e1quina se aver\u00eda, el asegurador indemnizar\u00e1 por los gastos necesarios para su puesta en funcionamiento. Esto incluye los costes de mano de obra, recambios y costes de viaje razonables, incluyendo alojamiento cuando sea necesario, gastados en nombre del asegurado por el servicio t\u00e9cnico para reparar la m\u00e1quina. La indemnizaci\u00f3n tambi\u00e9n incluir\u00e1 los costes de env\u00edo de recambios desde el extranjero, si esta es la \u00fanica manera de reparar su m\u00e1quina. La indemnizaci\u00f3n cubre los costos de desmantelamiento e instalaci\u00f3n menos el valor de las piezas recuperadas. El asegurador podr\u00e1 decidir reparar las piezas da\u00f1adas en lugar de reemplazarlas.<\/p>\n<p>Beneficios<\/p>\n<ul>\n<li>Los costes de reparaci\u00f3n o reposici\u00f3n de los componentes que han fallado son pagados<\/li>\n<li>Prima Fija \/ cubre hasta cinco a\u00f1os: la cobertura y la prima se mantendr\u00e1n sin cambios, independientemente del n\u00famero de siniestros<\/li>\n<li>Las reclamaciones se gestionan internamente sin la necesidad de un perito<\/li>\n<li>Renovable<\/li>\n<\/ul>\n<p>Condiciones Generales de Elegibilidad para la Cobertura<\/p>\n<ul>\n<li>La antig\u00fcedad de la m\u00e1quina no debe ser superior a 20 a\u00f1os a fecha de vencimiento<\/li>\n<li>M\u00e1quinas de m\u00e1s de 500.000\u20ac, 400,000GBP y 600.000USD seg\u00fan acuerdo<\/li>\n<li>La maquinaria elegible debe ser fija y estar instala en las instalaciones propiedad u ocupadas por el cliente del asegurado<\/li>\n<li>Maquinaria no elegible: equipos de prensa e impresi\u00f3n<\/li>\n<li>Sectores o instalaciones no elegibles: zonas de construcci\u00f3n, canteras, minas, emplazamientos de transferencia o dep\u00f3sito de residuos, discotecas, bares, clubs nocturnos, locales de comida r\u00e1pida para llevar, parques de atracciones, centros de ocio, gimnasios y aquellos donde la maquinaria pueda ser operada por el p\u00fablico en general<\/li>\n<\/ul>\n<p>Per\u00edodo de cobertura de la M\u00e1quina<\/p>\n<p>1. (a) Para m\u00e1quinas nuevas<br \/>\nLa cobertura para m\u00e1quinas nuevas bajo la secci\u00f3n de aver\u00eda el\u00e9ctrica y mec\u00e1nica de la p\u00f3liza comienza cuando la garant\u00eda del fabricante termina.<br \/>\n(b) Para m\u00e1quinas usadas y reacondicionadas<br \/>\nLa cobertura para m\u00e1quinas usadas \u200b\u200by reacondicionadas en la secci\u00f3n de aver\u00eda el\u00e9ctrica y mec\u00e1nica y en la secci\u00f3n de da\u00f1o accidental comienzan en la fecha de efecto de la p\u00f3liza (puede aplicar una carencia de 60 d\u00edas). En el caso de que haya un per\u00edodo de garant\u00eda del fabricante restante a fecha de efecto, la cobertura bajo la secci\u00f3n de aver\u00eda el\u00e9ctrica y mec\u00e1nica empezar\u00e1 cuando termine el per\u00edodo de garant\u00eda del fabricante.<br \/>\n2. Cuando se haya pagado el importe m\u00e1ximo de indemnizaci\u00f3n establecido en la p\u00f3liza.<br \/>\n3. Hasta la fecha en que el asegurado haya vendido la m\u00e1quina o haya cesado la actividad.<\/p>\n<p>En el caso de p\u00e9rdida total<br \/>\nSi la m\u00e1quina era nueva cuando empez\u00f3 la garant\u00eda, en caso de p\u00e9rdida total, el asegurador pagar\u00e1 el valor de reposici\u00f3n a nuevo de la m\u00e1quina, incluyendo el coste de desmontar menos el valor de las piezas recuperadas.<br \/>\nSi la m\u00e1quina no era nueva cuando empez\u00f3 la garant\u00eda, en caso de p\u00e9rdida total, el asegurador pagar\u00e1 el valor de mercado en el momento de la aver\u00eda y el coste de desmantelamiento menos el valor de las piezas recuperadas.<\/p>\n<p>Principales Exclusiones<\/p>\n<ul>\n<li>La franquicia<\/li>\n<li>P\u00e9rdidas consecuenciales<\/li>\n<li>Maquinaria alquilada o cedida en alquiler<\/li>\n<li>Robo o intento de robo<\/li>\n<li>La p\u00e9rdida o da\u00f1os causados por incendio, rayo, ca\u00edda de avi\u00f3n, explosi\u00f3n o da\u00f1os accidentales<\/li>\n<li>El desgaste, deterioro gradual, oxidaci\u00f3n o corrosi\u00f3n, sobrecarga intencional, pruebas o comisionamiento<\/li>\n<li>La p\u00e9rdida o da\u00f1os cubiertos por la garant\u00eda del fabricante u otra garant\u00eda de otro tipo<\/li>\n<li>Cualquier aver\u00eda el\u00e9ctrica o mec\u00e1nica:\n<ul>\n<li>Durante el per\u00edodo de garant\u00eda del fabricante<\/li>\n<li>Por un per\u00edodo de 60 d\u00edas desde la fecha de efecto de la garant\u00eda si la garant\u00eda\u00a0adquirida no es una extensi\u00f3n de una garant\u00eda existente<\/li>\n<li>Para m\u00e1quinas nuevas, por un periodo de 7 d\u00edas desde la fecha de comisionamiento<\/li>\n<\/ul>\n<\/li>\n<li>Cualquier da\u00f1o causado por error del operador:\n<ul>\n<li>Para m\u00e1quinas usadas, por un periodo de 14 d\u00edas desde la fecha que empieza la\u00a0garant\u00eda, si la garant\u00eda contratada no es una extensi\u00f3n de una garant\u00eda\u00a0existente.<\/li>\n<\/ul>\n<\/li>\n<li>Elementos consumibles no est\u00e1n cubiertos<\/li>\n<li>Cualquier da\u00f1o causado a la m\u00e1quina por continuar su uso una vez averiada<\/li>\n<li>Cualquier da\u00f1o o aver\u00eda causados por unos deficientes condiciones de trabajo<\/li>\n<li>Fallo de suministro de la red el\u00e9ctrica p\u00fablica y sobretensiones y variaciones en el suministro el\u00e9ctrico<\/li>\n<li>Las aver\u00edas el\u00e9ctricas y mec\u00e1nicas, si el equipo no ha sido reparado o mantenido con regularidad<\/li>\n<li>Cualquier laser, LED u otra fuente de luz m\u00e1s all\u00e1 de lo que se considere su vida \u00fatil<\/li>\n<li>Cl\u00e1usula de defectos en serie<\/li>\n<\/ul>\n<p>Para m\u00e1s informaci\u00f3n <a href=\"https:\/\/tecnirisk.com\/index.php\/contact\/\">cont\u00e1ctenos<\/a>.<\/p>","protected":false},"excerpt":{"rendered":"<p>Cobertura Este seguro proporciona cobertura de aver\u00eda de maquinaria y error del operador para equipos fijos instalados y utilizados en las instalaciones propiedad u ocupadas por el cliente del asegurado situadas en cualquier lugar del mundo (pueden aplicar restricciones). Aver\u00eda de maquinaria: ruptura repentina e imprevista, distorsi\u00f3n, sobrecalentamiento o recalentamiento el\u00e9ctrico de cualquier parte de &hellip; <a href=\"https:\/\/tecnirisk.com\/index.php\/sample-page\/espanol-extension-de-garantia-para-maquinaria\/espanol-extension-de-garantia-para-maquinaria-fija\/\" class=\"more-link\">Seguir leyendo <span class=\"screen-reader-text\">EXTENSI\u00d3N DE GARANT\u00cdA PARA MAQUINARIA FIJA<\/span> <span class=\"meta-nav\">&rarr;<\/span><\/a><\/p>\n","protected":false},"author":1,"featured_media":0,"parent":264,"menu_order":0,"comment_status":"closed","ping_status":"closed","template":"","meta":{"footnotes":""},"_links":{"self":[{"href":"https:\/\/tecnirisk.com\/index.php\/wp-json\/wp\/v2\/pages\/273"}],"collection":[{"href":"https:\/\/tecnirisk.com\/index.php\/wp-json\/wp\/v2\/pages"}],"about":[{"href":"https:\/\/tecnirisk.com\/index.php\/wp-json\/wp\/v2\/types\/page"}],"author":[{"embeddable":true,"href":"https:\/\/tecnirisk.com\/index.php\/wp-json\/wp\/v2\/users\/1"}],"replies":[{"embeddable":true,"href":"https:\/\/tecnirisk.com\/index.php\/wp-json\/wp\/v2\/comments?post=273"}],"version-history":[{"count":5,"href":"https:\/\/tecnirisk.com\/index.php\/wp-json\/wp\/v2\/pages\/273\/revisions"}],"predecessor-version":[{"id":278,"href":"https:\/\/tecnirisk.com\/index.php\/wp-json\/wp\/v2\/pages\/273\/revisions\/278"}],"up":[{"embeddable":true,"href":"https:\/\/tecnirisk.com\/index.php\/wp-json\/wp\/v2\/pages\/264"}],"wp:attachment":[{"href":"https:\/\/tecnirisk.com\/index.php\/wp-json\/wp\/v2\/media?parent=273"}],"curies":[{"name":"wp","href":"https:\/\/api.w.org\/{rel}","templated":true}]}}