{"id":290,"date":"2016-08-04T11:08:39","date_gmt":"2016-08-04T11:08:39","guid":{"rendered":"https:\/\/tecnirisk.com\/?page_id=290"},"modified":"2016-08-04T11:19:07","modified_gmt":"2016-08-04T11:19:07","slug":"extension-de-garantia-para-maquinaria-para-turbinas-eolicas","status":"publish","type":"page","link":"https:\/\/tecnirisk.com\/index.php\/sample-page\/espanol-extension-de-garantia-para-maquinaria\/extension-de-garantia-para-maquinaria-para-turbinas-eolicas\/","title":{"rendered":"EXTENSI\u00d3N DE GARANT\u00cdA PARA TURBINAS E\u00d3LICAS"},"content":{"rendered":"<p>Cobertura<br \/>\nEste seguro proporciona cobertura de aver\u00eda de maquinaria para turbinas e\u00f3licas instaladas en instalaciones propiedad del cliente del asegurado u operadas por una empresa de Servicio y Mantenimiento, situadas en cualquier lugar del mundo (pueden aplicar restricciones). La cobertura se limita a los componentes en la g\u00f3ndola de la turbina e\u00f3lica.<\/p>\n<p>Aver\u00eda de maquinaria: ruptura repentina e imprevista, distorsi\u00f3n, sobrecalentamiento o recalentamiento el\u00e9ctrico de cualquier parte de la m\u00e1quina que se produce mientras la m\u00e1quina est\u00e1 en uso, lo que resulta en una inmediata parada total o parcial de su funci\u00f3n programada y que requiere de su reparaci\u00f3n y \/ o sustituci\u00f3n para que el trabajo normal pueda ser reanudado, hasta un l\u00edmite m\u00e1ximo por siniestro y en el agregado.<\/p>\n<p>Si una turbina se aver\u00eda, el asegurador indemnizar\u00e1 por los gastos necesarios para su puesta en funcionamiento. Esto incluye los costes de mano de obra, recambios, utilizaci\u00f3n de una gr\u00faa y costes de viaje razonables, incluyendo alojamiento cuando sea necesario, gastados en nombre del asegurado por la empresa de O &amp; M (Servicio y Mantenimiento) para reparar la turbina. La indemnizaci\u00f3n tambi\u00e9n incluir\u00e1 los costes de env\u00edo de recambios desde el extranjero, si esta es la \u00fanica manera de reparar la turbina. El asegurador podr\u00e1 decidir reparar las piezas da\u00f1adas en lugar de reemplazarlas.<\/p>\n<p>Existencia de l\u00edmite de indemnizaci\u00f3n por siniestro y agregado.<\/p>\n<p>Beneficios<\/p>\n<ul>\n<li>Los costes de reparaci\u00f3n o reposici\u00f3n de los componentes que han fallado son pagados<\/li>\n<li>Prima Fija \/ cubre hasta cinco a\u00f1os: la cobertura y la prima se mantendr\u00e1n sin cambios, independientemente del n\u00famero de siniestros<\/li>\n<li>No hay restricciones de uso: la cobertura aplicar\u00e1 independientemente del n\u00famero de horas de operaci\u00f3n<\/li>\n<li>Las reclamaciones se gestionan internamente sin la necesidad de un perito<\/li>\n<li>Renovable<\/li>\n<li>Participaci\u00f3n en Beneficios seg\u00fan tama\u00f1o MW<\/li>\n<\/ul>\n<p>Condiciones Generales de Elegibilidad para la Cobertura<\/p>\n<ul>\n<li>La antig\u00fcedad de la turbina no debe ser superior a 20 a\u00f1os a fecha de vencimiento<\/li>\n<li>Principales fabricantes<\/li>\n<li>Proveedores de turbinas reacondicionadas aprobados e inspeccionados<\/li>\n<\/ul>\n<p>Per\u00edodo de cobertura de la turbina<br \/>\n1. (a) Para turbinas nuevas<br \/>\nLa cobertura para turbinas nuevas bajo la secci\u00f3n de aver\u00eda el\u00e9ctrica y mec\u00e1nica de la p\u00f3liza empieza cuando despu\u00e9s de un periodo m\u00ednimo de un a\u00f1o o cuando la garant\u00eda del fabricante termina si esto ocurre posteriormente.<br \/>\n(b) Para turbinas usadas y reacondicionadas<br \/>\nLa cobertura para turbinas usadas y reacondicionadas comienza en la fecha de efecto de la p\u00f3liza (puede aplicar una carencia de 60 d\u00edas). En el caso de que haya un per\u00edodo de garant\u00eda del fabricante restante a fecha de efecto, la cobertura bajo la secci\u00f3n de aver\u00eda el\u00e9ctrica y mec\u00e1nica empezar\u00e1 cuando termine el per\u00edodo de garant\u00eda del fabricante.<br \/>\n2. Cuando se haya pagado el importe m\u00e1ximo de indemnizaci\u00f3n establecido en la p\u00f3liza.<br \/>\n3. Hasta la fecha en que el asegurado haya vendido la turbina o haya cesado la actividad.<\/p>\n<p>Principales Exclusiones<\/p>\n<ul>\n<li>La franquicia<\/li>\n<li>P\u00e9rdidas consecuenciales<\/li>\n<li>Robo o intento de robo<\/li>\n<li>La p\u00e9rdida o da\u00f1os causados por incendio, rayo, ca\u00edda de avi\u00f3n, tormenta, explosi\u00f3n o da\u00f1os accidentales<\/li>\n<li>El desgaste, deterioro gradual, oxidaci\u00f3n o corrosi\u00f3n, sobrecarga intencional, pruebas o comisionamiento<\/li>\n<li>La p\u00e9rdida o da\u00f1os cubiertos por la garant\u00eda del fabricante u otra garant\u00eda de otro tipo<\/li>\n<li>Cualquier aver\u00eda el\u00e9ctrica o mec\u00e1nica:\n<ul>\n<li>Durante el per\u00edodo de garant\u00eda del fabricante<\/li>\n<li>Por un per\u00edodo de 60 d\u00edas desde la fecha de efecto de la garant\u00eda si la garant\u00eda\u00a0adquirida no es una extensi\u00f3n de una garant\u00eda existente<\/li>\n<\/ul>\n<\/li>\n<li>Elementos consumibles no est\u00e1n cubiertos<\/li>\n<li>Cualquier da\u00f1o causado a la turbine por continuar su uso una vez averiada<\/li>\n<li>Cualquier da\u00f1o o aver\u00eda causados por unos deficientes condiciones de trabajo<\/li>\n<li>Fallo de suministro de la red el\u00e9ctrica p\u00fablica y sobretensiones y variaciones en el suministro el\u00e9ctrico<\/li>\n<li>Las aver\u00edas el\u00e9ctricas y mec\u00e1nicas, si el equipo no ha sido reparado o mantenido con regularidad<\/li>\n<li>Cl\u00e1usula de defectos en serie<\/li>\n<\/ul>\n<p>Para m\u00e1s informaci\u00f3n <a href=\"https:\/\/tecnirisk.com\/index.php\/contact\/\"><u><span style=\"color: #000080;\">cont\u00e1ctenos<\/span><\/u><\/a>.<\/p>","protected":false},"excerpt":{"rendered":"<p>Cobertura Este seguro proporciona cobertura de aver\u00eda de maquinaria para turbinas e\u00f3licas instaladas en instalaciones propiedad del cliente del asegurado u operadas por una empresa de Servicio y Mantenimiento, situadas en cualquier lugar del mundo (pueden aplicar restricciones). La cobertura se limita a los componentes en la g\u00f3ndola de la turbina e\u00f3lica. Aver\u00eda de maquinaria: &hellip; <a href=\"https:\/\/tecnirisk.com\/index.php\/sample-page\/espanol-extension-de-garantia-para-maquinaria\/extension-de-garantia-para-maquinaria-para-turbinas-eolicas\/\" class=\"more-link\">Seguir leyendo <span class=\"screen-reader-text\">EXTENSI\u00d3N DE GARANT\u00cdA PARA TURBINAS E\u00d3LICAS<\/span> <span class=\"meta-nav\">&rarr;<\/span><\/a><\/p>\n","protected":false},"author":1,"featured_media":0,"parent":264,"menu_order":2,"comment_status":"closed","ping_status":"closed","template":"","meta":{"footnotes":""},"_links":{"self":[{"href":"https:\/\/tecnirisk.com\/index.php\/wp-json\/wp\/v2\/pages\/290"}],"collection":[{"href":"https:\/\/tecnirisk.com\/index.php\/wp-json\/wp\/v2\/pages"}],"about":[{"href":"https:\/\/tecnirisk.com\/index.php\/wp-json\/wp\/v2\/types\/page"}],"author":[{"embeddable":true,"href":"https:\/\/tecnirisk.com\/index.php\/wp-json\/wp\/v2\/users\/1"}],"replies":[{"embeddable":true,"href":"https:\/\/tecnirisk.com\/index.php\/wp-json\/wp\/v2\/comments?post=290"}],"version-history":[{"count":5,"href":"https:\/\/tecnirisk.com\/index.php\/wp-json\/wp\/v2\/pages\/290\/revisions"}],"predecessor-version":[{"id":298,"href":"https:\/\/tecnirisk.com\/index.php\/wp-json\/wp\/v2\/pages\/290\/revisions\/298"}],"up":[{"embeddable":true,"href":"https:\/\/tecnirisk.com\/index.php\/wp-json\/wp\/v2\/pages\/264"}],"wp:attachment":[{"href":"https:\/\/tecnirisk.com\/index.php\/wp-json\/wp\/v2\/media?parent=290"}],"curies":[{"name":"wp","href":"https:\/\/api.w.org\/{rel}","templated":true}]}}