{"id":301,"date":"2017-09-01T09:43:02","date_gmt":"2017-09-01T09:43:02","guid":{"rendered":"https:\/\/tecnirisk.com\/?page_id=301"},"modified":"2017-09-01T09:43:02","modified_gmt":"2017-09-01T09:43:02","slug":"extended-warranty-for-inverter-modules","status":"publish","type":"page","link":"https:\/\/tecnirisk.com\/index.php\/sample-page\/espanol-extension-de-garantia-para-maquinaria\/extended-warranty-for-inverter-modules\/","title":{"rendered":"EXTENSI\u00d3N DE GARANT\u00cdA PARA INVERSORES FOTOVOLTAICOS"},"content":{"rendered":"<p>Cobertura<br \/>\nEste seguro proporciona cobertura de aver\u00eda de maquinaria de \u00e1mbito mundial para fabricantes y empresas de Servicio y Mantenimiento de inversores fotovoltaicos.<\/p>\n<p>&#8211; Aver\u00eda de Maquinaria: ruptura repentina e imprevista, distorsi\u00f3n, sobrecalentamiento o recalentamiento el\u00e9ctrico de cualquier parte del inversor fotovoltaico que se produce mientras est\u00e9 en uso, resultando en una inmediata parada total o parcial de su funci\u00f3n programada y que requiere de su reparaci\u00f3n y \/ o sustituci\u00f3n para que el trabajo normal pueda ser reanudado.<\/p>\n<p>&#8211; P\u00e9rdida de Beneficios: indemnizaci\u00f3n por la p\u00e9rdida de ingresos posterior a la Aver\u00eda.<\/p>\n<p>Existencia de l\u00edmite de indemnizaci\u00f3n por siniestro y agregado, durante el per\u00edodo de garant\u00eda.<\/p>\n<p>Beneficios<\/p>\n<ul>\n<li>F\u00e1cil de contratar<\/li>\n<li>Incrementa los ingresos por mantenimiento y recambios<\/li>\n<li>Posibilita la firma de contratos mayores<\/li>\n<li>Protege el margen de venta \/ explotaci\u00f3n<\/li>\n<li>No cancelable por el Asegurador<\/li>\n<li>Los costes de reparaci\u00f3n o reposici\u00f3n de los componentes que han fallado son pagados<\/li>\n<li>Prima Fija \/ cubre hasta cinco a\u00f1os: la cobertura y la prima se mantendr\u00e1n sin cambios, independientemente del n\u00famero de siniestros<\/li>\n<li>No hay restricciones de uso: la cobertura se aplicar\u00e1 independientemente del n\u00famero de horas de operaci\u00f3n<\/li>\n<li>Las reclamaciones se gestionan internamente sin la necesidad de un perito<\/li>\n<li>Renovable cada cinco a\u00f1os<\/li>\n<\/ul>\n<p>Condiciones Generales de Elegibilidad para la Cobertura<\/p>\n<ul>\n<li>La antig\u00fcedad de la instalaci\u00f3n no debe superar los 10 a\u00f1os a fecha de vencimiento<\/li>\n<li>Las instalaciones deben ser fijas y encontrarse en locales propiedad o de uso del cliente<\/li>\n<li>M\u00f3dulo fotovoltaico: cuando el fabricante es aprobado por CNC Asset Ltd.<\/li>\n<\/ul>\n<p>Principales Exclusiones<\/p>\n<ul>\n<li>La franquicia.<\/li>\n<li>P\u00e9rdidas consecuenciales.<\/li>\n<li>Robo o intento de robo.<\/li>\n<li>La p\u00e9rdida o da\u00f1os causados por incendio, rayo, ca\u00edda de avi\u00f3n, explosi\u00f3n, entrada de agua o da\u00f1os accidentales o cubiertos por la garant\u00eda del fabricante o cualquier otra garant\u00eda.<\/li>\n<li>El desgaste, deterioro gradual, oxidaci\u00f3n o corrosi\u00f3n, sobrecarga intencional, pruebas o comisionamiento y degradaci\u00f3n.<\/li>\n<\/ul>\n<p>Pago de la prima<br \/>\nLa prima es pagadera en su totalidad a la fecha efecto de la p\u00f3liza.<\/p>\n<p>Siniestros<br \/>\nLos siniestros deben ser notificados tan pronto como sea posible y aportar un formulario de reclamaci\u00f3n cumplimentado dentro de los 30 d\u00edas posteriores al incidente. Los componentes deber\u00e1n ser conservados para una posible inspecci\u00f3n.<\/p>\n<p>Cancelaciones y Reembolsos<br \/>\nReembolso prorrateado de la prima si la instalaci\u00f3n es vendida o el cliente deja de operar. Aplican T\u00e9rminos y Condiciones.<\/p>\n<p>El condicionado de la garant\u00eda est\u00e1 disponible bajo petici\u00f3n.<\/p>\n<p>Para m\u00e1s informaci\u00f3n <a href=\"https:\/\/tecnirisk.com\/index.php\/contact\/\">cont\u00e1ctenos<\/a>.<\/p>","protected":false},"excerpt":{"rendered":"<p>Cobertura Este seguro proporciona cobertura de aver\u00eda de maquinaria de \u00e1mbito mundial para fabricantes y empresas de Servicio y Mantenimiento de inversores fotovoltaicos. &#8211; Aver\u00eda de Maquinaria: ruptura repentina e imprevista, distorsi\u00f3n, sobrecalentamiento o recalentamiento el\u00e9ctrico de cualquier parte del inversor fotovoltaico que se produce mientras est\u00e9 en uso, resultando en una inmediata parada total &hellip; <a href=\"https:\/\/tecnirisk.com\/index.php\/sample-page\/espanol-extension-de-garantia-para-maquinaria\/extended-warranty-for-inverter-modules\/\" class=\"more-link\">Seguir leyendo <span class=\"screen-reader-text\">EXTENSI\u00d3N DE GARANT\u00cdA PARA INVERSORES FOTOVOLTAICOS<\/span> <span class=\"meta-nav\">&rarr;<\/span><\/a><\/p>\n","protected":false},"author":1,"featured_media":0,"parent":264,"menu_order":4,"comment_status":"closed","ping_status":"closed","template":"","meta":{"footnotes":""},"_links":{"self":[{"href":"https:\/\/tecnirisk.com\/index.php\/wp-json\/wp\/v2\/pages\/301"}],"collection":[{"href":"https:\/\/tecnirisk.com\/index.php\/wp-json\/wp\/v2\/pages"}],"about":[{"href":"https:\/\/tecnirisk.com\/index.php\/wp-json\/wp\/v2\/types\/page"}],"author":[{"embeddable":true,"href":"https:\/\/tecnirisk.com\/index.php\/wp-json\/wp\/v2\/users\/1"}],"replies":[{"embeddable":true,"href":"https:\/\/tecnirisk.com\/index.php\/wp-json\/wp\/v2\/comments?post=301"}],"version-history":[{"count":3,"href":"https:\/\/tecnirisk.com\/index.php\/wp-json\/wp\/v2\/pages\/301\/revisions"}],"predecessor-version":[{"id":304,"href":"https:\/\/tecnirisk.com\/index.php\/wp-json\/wp\/v2\/pages\/301\/revisions\/304"}],"up":[{"embeddable":true,"href":"https:\/\/tecnirisk.com\/index.php\/wp-json\/wp\/v2\/pages\/264"}],"wp:attachment":[{"href":"https:\/\/tecnirisk.com\/index.php\/wp-json\/wp\/v2\/media?parent=301"}],"curies":[{"name":"wp","href":"https:\/\/api.w.org\/{rel}","templated":true}]}}