{"id":34,"date":"2016-03-30T16:19:19","date_gmt":"2016-03-30T16:19:19","guid":{"rendered":"https:\/\/tecnirisk.com\/2017\/?page_id=34"},"modified":"2016-03-30T16:21:11","modified_gmt":"2016-03-30T16:21:11","slug":"espanol-politica-de-privacidad","status":"publish","type":"page","link":"https:\/\/tecnirisk.com\/index.php\/pagina-1\/espanol-politica-de-privacidad\/","title":{"rendered":"POL\u00cdTICA DE PRIVACIDAD"},"content":{"rendered":"<p>PROTECCI\u00d3N DE DATOS DE CAR\u00c1CTER PERSONAL<\/p>\n<p>Pol\u00edtica de Privacidad &#8211; Condiciones Generales<\/p>\n<p>TECNIRISK S.L.U., con domicilio social en Paseo de Gracia 118, Pral. 08008 Barcelona es propietario del sitio web: https:\/\/tecnirisk.com y responsable de los ficheros generados con los datos de car\u00e1cter personal suministrados por los usuarios a trav\u00e9s de este sitio web.<\/p>\n<p>El usuario AUTORIZA EXPRESAMENTE el tratamiento automatizado de los datos personales que suministre voluntariamente, a trav\u00e9s de formularios y correo electr\u00f3nico, para la prestaci\u00f3n de los servicios requeridos.<\/p>\n<p>Todos los datos ser\u00e1n incorporados a un fichero donde se conservar\u00e1n bajo las m\u00e1s estrictas medidas de seguridad y confidencialidad, no siendo accesibles a terceros para finalidades distintas para las que han sido autorizados.<\/p>\n<p>El fichero creado se encuentra en la sociedad: TECNIRISK S.L.U., Paseo de Gracia 188, Pral. 08008 Barcelona y est\u00e1 bajo el control y supervisi\u00f3n del mismo quien adopta las medidas de seguridad de naturaleza t\u00e9cnica y organizativa para proteger la confidencialidad e integridad de la informaci\u00f3n facilitada, de acuerdo con lo establecido en la Ley Org\u00e1nica 15\/1999 de 13 de diciembre, de Protecci\u00f3n de Datos de Car\u00e1cter Personal, y dem\u00e1s legislaci\u00f3n aplicable.<\/p>","protected":false},"excerpt":{"rendered":"<p>PROTECCI\u00d3N DE DATOS DE CAR\u00c1CTER PERSONAL Pol\u00edtica de Privacidad &#8211; Condiciones Generales TECNIRISK S.L.U., con domicilio social en Paseo de Gracia 118, Pral. 08008 Barcelona es propietario del sitio web: https:\/\/tecnirisk.com y responsable de los ficheros generados con los datos de car\u00e1cter personal suministrados por los usuarios a trav\u00e9s de este sitio web. El usuario &hellip; <a href=\"https:\/\/tecnirisk.com\/index.php\/pagina-1\/espanol-politica-de-privacidad\/\" class=\"more-link\">Seguir leyendo <span class=\"screen-reader-text\">POL\u00cdTICA DE PRIVACIDAD<\/span> <span class=\"meta-nav\">&rarr;<\/span><\/a><\/p>\n","protected":false},"author":1,"featured_media":0,"parent":5,"menu_order":3,"comment_status":"closed","ping_status":"closed","template":"","meta":{"footnotes":""},"_links":{"self":[{"href":"https:\/\/tecnirisk.com\/index.php\/wp-json\/wp\/v2\/pages\/34"}],"collection":[{"href":"https:\/\/tecnirisk.com\/index.php\/wp-json\/wp\/v2\/pages"}],"about":[{"href":"https:\/\/tecnirisk.com\/index.php\/wp-json\/wp\/v2\/types\/page"}],"author":[{"embeddable":true,"href":"https:\/\/tecnirisk.com\/index.php\/wp-json\/wp\/v2\/users\/1"}],"replies":[{"embeddable":true,"href":"https:\/\/tecnirisk.com\/index.php\/wp-json\/wp\/v2\/comments?post=34"}],"version-history":[{"count":2,"href":"https:\/\/tecnirisk.com\/index.php\/wp-json\/wp\/v2\/pages\/34\/revisions"}],"predecessor-version":[{"id":37,"href":"https:\/\/tecnirisk.com\/index.php\/wp-json\/wp\/v2\/pages\/34\/revisions\/37"}],"up":[{"embeddable":true,"href":"https:\/\/tecnirisk.com\/index.php\/wp-json\/wp\/v2\/pages\/5"}],"wp:attachment":[{"href":"https:\/\/tecnirisk.com\/index.php\/wp-json\/wp\/v2\/media?parent=34"}],"curies":[{"name":"wp","href":"https:\/\/api.w.org\/{rel}","templated":true}]}}