{"id":43,"date":"2016-05-11T16:38:46","date_gmt":"2016-05-11T16:38:46","guid":{"rendered":"https:\/\/tecnirisk.com\/2017\/?page_id=43"},"modified":"2016-08-03T10:06:24","modified_gmt":"2016-08-03T10:06:24","slug":"espanol-energia","status":"publish","type":"page","link":"https:\/\/tecnirisk.com\/index.php\/sample-page\/espanol-energia\/","title":{"rendered":"ENERG\u00cdA"},"content":{"rendered":"<p><\/p>\n<ul>\n<li><a href=\"https:\/\/tecnirisk.com\/index.php\/sample-page\/espanol-energia\/photovoltaic-solar-farms\/\">Energ\u00eda Solar Fotovoltaica<\/a><\/li>\n<li><a href=\"https:\/\/tecnirisk.com\/index.php\/sample-page\/espanol-energia\/espanol-centrales-solares-termicas\/\">Energ\u00eda Solar Termoel\u00e9ctrica<\/a><\/li>\n<li><a href=\"https:\/\/tecnirisk.com\/index.php\/sample-page\/espanol-energia\/wind-farms\/\">Parques E\u00f3licos<\/a><\/li>\n<li><a href=\"https:\/\/tecnirisk.com\/index.php\/sample-page\/espanol-energia\/cog\/\">Plantas de Cogeneraci\u00f3n \/ Biomasa<\/a><\/li>\n<li><a href=\"https:\/\/tecnirisk.com\/index.php\/sample-page\/espanol-energia\/espanol-centrales-minihidroelectricas\/\">Centrales Mini-hidroel\u00e9ctricas<\/a><\/li>\n<\/ul>\n<p>&nbsp;<\/p>\n<p>Coberturas tanto para la fase de explotaci\u00f3n como para la fase de montaje:<\/p>\n<ul>\n<li>Todo Riesgo Da\u00f1os Materiales<\/li>\n<li>Todo Riesgo Montaje<\/li>\n<li>P\u00e9rdida de Beneficios \/ ALOP<\/li>\n<li>Transporte \/ DSU<\/li>\n<li>Aver\u00eda de Maquinaria<\/li>\n<li>Error de Dise\u00f1o<\/li>\n<li>P\u00e9rdida de Beneficios por imposibilidad de evacuar<\/li>\n<li>Responsabilidad Civil, incluyendo cobertura por deficiencias en el suministro de electricidad<\/li>\n<\/ul>\n<p>Productos dise\u00f1ados para cubrir a todas las partes implicadas en el proyecto:<\/p>\n<ul>\n<li>Promotor<\/li>\n<li>Propietario<\/li>\n<li>Entidades Financieras, Inversores<\/li>\n<li>Contratistas \/ Subcontratistas<\/li>\n<li>Empresas de Mantenimiento, etc.<\/li>\n<\/ul>\n<p>Posibilidad de contratar p\u00f3lizas anuales y programas globales para:<\/p>\n<ul>\n<li>Mejorar la competitividad de las condiciones<\/li>\n<li>Facilitar la administraci\u00f3n de los contratos<\/li>\n<li>Asegurar una cobertura adecuada y homog\u00e9nea<\/li>\n<\/ul>\n<p>\u00c1mbito Territorial: posibilidad de colocar riesgos individuales en todo el mundo as\u00ed como programas internacionales.<\/p>\n<p>Tecnirisk gestiona una importante cartera de negocio de energ\u00eda en mercados internacionales especializados en energ\u00edas renovables lo que nos permite obtener ventajas competitivas:<\/p>\n<ul>\n<li>Primas y condiciones competitivas<\/li>\n<li>Creaci\u00f3n de condicionados especialmente dise\u00f1ados<\/li>\n<li>Ampliaci\u00f3n y flexibilidad de coberturas y garant\u00edas<\/li>\n<li>Incremento de la capacidad aseguradora disponible<\/li>\n<li>Colocaci\u00f3n de seguros especialistas (por ejemplo: garant\u00eda de fabricantes)<\/li>\n<\/ul>\n<p>y en general, mayor elecci\u00f3n para los asegurados y sobretodo mayor conocimiento, especializaci\u00f3n y eficacia a la hora de gestionar e indemnizar los siniestros.<\/p>\n<p>Para m\u00e1s informaci\u00f3n cont\u00e1ctenos o env\u00edenos el cuestionario que podr\u00e1 encontrar en cada p\u00e1gina de producto debidamente cumplimentado para recibir una oferta.<\/p>","protected":false},"excerpt":{"rendered":"<p>Energ\u00eda Solar Fotovoltaica Energ\u00eda Solar Termoel\u00e9ctrica Parques E\u00f3licos Plantas de Cogeneraci\u00f3n \/ Biomasa Centrales Mini-hidroel\u00e9ctricas &nbsp; Coberturas tanto para la fase de explotaci\u00f3n como para la fase de montaje: Todo Riesgo Da\u00f1os Materiales Todo Riesgo Montaje P\u00e9rdida de Beneficios \/ ALOP Transporte \/ DSU Aver\u00eda de Maquinaria Error de Dise\u00f1o P\u00e9rdida de Beneficios por imposibilidad &hellip; <a href=\"https:\/\/tecnirisk.com\/index.php\/sample-page\/espanol-energia\/\" class=\"more-link\">Seguir leyendo <span class=\"screen-reader-text\">ENERG\u00cdA<\/span> <span class=\"meta-nav\">&rarr;<\/span><\/a><\/p>\n","protected":false},"author":1,"featured_media":0,"parent":2,"menu_order":1,"comment_status":"closed","ping_status":"closed","template":"","meta":{"footnotes":""},"_links":{"self":[{"href":"https:\/\/tecnirisk.com\/index.php\/wp-json\/wp\/v2\/pages\/43"}],"collection":[{"href":"https:\/\/tecnirisk.com\/index.php\/wp-json\/wp\/v2\/pages"}],"about":[{"href":"https:\/\/tecnirisk.com\/index.php\/wp-json\/wp\/v2\/types\/page"}],"author":[{"embeddable":true,"href":"https:\/\/tecnirisk.com\/index.php\/wp-json\/wp\/v2\/users\/1"}],"replies":[{"embeddable":true,"href":"https:\/\/tecnirisk.com\/index.php\/wp-json\/wp\/v2\/comments?post=43"}],"version-history":[{"count":13,"href":"https:\/\/tecnirisk.com\/index.php\/wp-json\/wp\/v2\/pages\/43\/revisions"}],"predecessor-version":[{"id":138,"href":"https:\/\/tecnirisk.com\/index.php\/wp-json\/wp\/v2\/pages\/43\/revisions\/138"}],"up":[{"embeddable":true,"href":"https:\/\/tecnirisk.com\/index.php\/wp-json\/wp\/v2\/pages\/2"}],"wp:attachment":[{"href":"https:\/\/tecnirisk.com\/index.php\/wp-json\/wp\/v2\/media?parent=43"}],"curies":[{"name":"wp","href":"https:\/\/api.w.org\/{rel}","templated":true}]}}