{"id":51,"date":"2016-05-11T18:20:56","date_gmt":"2016-05-11T18:20:56","guid":{"rendered":"https:\/\/tecnirisk.com\/2017\/?page_id=51"},"modified":"2016-06-29T10:05:53","modified_gmt":"2016-06-29T10:05:53","slug":"wind-farms","status":"publish","type":"page","link":"https:\/\/tecnirisk.com\/index.php\/sample-page\/espanol-energia\/wind-farms\/","title":{"rendered":"PARQUES E\u00d3LICOS"},"content":{"rendered":"<p>A la hora de enunciar los principales seguros contratados para cubrir los riesgos de un parque e\u00f3lico es necesario distinguir entre:<\/p>\n<ol>\n<li>Fase de Construcci\u00f3n \/ Montaje<\/li>\n<li>Fase de Explotaci\u00f3n<\/li>\n<\/ol>\n<p>&nbsp;<\/p>\n<p>1. Fase de Construcci\u00f3n \/ Montaje<\/p>\n<p>Principales coberturas fase de Montaje \/ Construcci\u00f3n:<\/p>\n<ul>\n<li>Todo Riesgo Montaje \/ Construcci\u00f3n<\/li>\n<li>ALOP (Lucro Cesante)<\/li>\n<li>Transporte y ALOP Transporte<\/li>\n<li>Error de Dise\u00f1o<\/li>\n<li>Pruebas y comisionamiento<\/li>\n<li>Responsabilidad Civil, incluyendo cobertura por deficiencias en el suministro de electricidad<\/li>\n<\/ul>\n<p>Estos seguros deben cubrir la totalidad de elementos que constituyen el parque (turbinas, obra civil, sala de control, maquinaria e instalaciones el\u00e9ctricas, l\u00edneas el\u00e9ctricas, transformadores, subestaciones, etc.).<\/p>\n<p>&nbsp;<\/p>\n<p>2. Fase Explotaci\u00f3n<\/p>\n<p>Principales coberturas fase de Explotaci\u00f3n:<\/p>\n<ul>\n<li>Todo Riesgo Da\u00f1os Materiales<\/li>\n<li>P\u00e9rdida de Beneficios<\/li>\n<li>Aver\u00eda de Maquinaria<\/li>\n<li>Error de Dise\u00f1o<\/li>\n<li>P\u00e9rdida de Beneficios por imposibilidad de evacuar la electricidad<\/li>\n<li>Responsabilidad Civil, incluyendo cobertura por deficiencias en el suministro de electricidad<\/li>\n<\/ul>\n<p>El seguro de Todo Riesgo Da\u00f1os Materiales debe cubrir la totalidad de elementos que constituyen el parque (turbinas, obra civil, sala de control, maquinaria e instalaciones el\u00e9ctricas, l\u00edneas el\u00e9ctricas, transformadores, subestaciones, etc.).<\/p>\n<p>Este seguro es complementario a los contratos de mantenimiento y dem\u00e1s garant\u00edas proporcionadas por fabricantes y contratistas que no cubren, entre otros, los da\u00f1os externos.<\/p>\n<p>Es importante resaltar que la p\u00e9rdida de beneficios normalmente no est\u00e1 cubierta ni por la garant\u00eda del fabricante ni por el contrato de mantenimiento que se limitan a cubrir los costes materiales y de reparaci\u00f3n (adem\u00e1s de posibles penalidades contractuales que normalmente no son suficientes para compensar las p\u00e9rdidas econ\u00f3micas resultantes).<\/p>\n<p>&nbsp;<\/p>\n<p>Para m\u00e1s informaci\u00f3n <a href=\"https:\/\/tecnirisk.com\/index.php\/contact\/\">cont\u00e1ctenos <\/a>o env\u00edenos el cuestionario adjunto debidamente cumplimentado para recibir una oferta.<\/p>\n<p><a href=\"https:\/\/tecnirisk.com\/wp-content\/uploads\/2016\/05\/Cuestionario-Construcci\u00f3n-Montaje-E\u00f3lico.pdf\" rel=\"\">Cuestionario Construcci\u00f3n &#8211; Montaje E\u00f3lico<\/a><\/p>\n<p><a href=\"https:\/\/tecnirisk.com\/wp-content\/uploads\/2016\/05\/Cuestinario-Explotaci\u00f3n-E\u00f3lico.pdf\" rel=\"\">Cuestinario Explotaci\u00f3n E\u00f3lico<\/a><\/p>","protected":false},"excerpt":{"rendered":"<p>A la hora de enunciar los principales seguros contratados para cubrir los riesgos de un parque e\u00f3lico es necesario distinguir entre: Fase de Construcci\u00f3n \/ Montaje Fase de Explotaci\u00f3n &nbsp; 1. Fase de Construcci\u00f3n \/ Montaje Principales coberturas fase de Montaje \/ Construcci\u00f3n: Todo Riesgo Montaje \/ Construcci\u00f3n ALOP (Lucro Cesante) Transporte y ALOP Transporte &hellip; <a href=\"https:\/\/tecnirisk.com\/index.php\/sample-page\/espanol-energia\/wind-farms\/\" class=\"more-link\">Seguir leyendo <span class=\"screen-reader-text\">PARQUES E\u00d3LICOS<\/span> <span class=\"meta-nav\">&rarr;<\/span><\/a><\/p>\n","protected":false},"author":1,"featured_media":0,"parent":43,"menu_order":1,"comment_status":"closed","ping_status":"closed","template":"","meta":{"footnotes":""},"_links":{"self":[{"href":"https:\/\/tecnirisk.com\/index.php\/wp-json\/wp\/v2\/pages\/51"}],"collection":[{"href":"https:\/\/tecnirisk.com\/index.php\/wp-json\/wp\/v2\/pages"}],"about":[{"href":"https:\/\/tecnirisk.com\/index.php\/wp-json\/wp\/v2\/types\/page"}],"author":[{"embeddable":true,"href":"https:\/\/tecnirisk.com\/index.php\/wp-json\/wp\/v2\/users\/1"}],"replies":[{"embeddable":true,"href":"https:\/\/tecnirisk.com\/index.php\/wp-json\/wp\/v2\/comments?post=51"}],"version-history":[{"count":12,"href":"https:\/\/tecnirisk.com\/index.php\/wp-json\/wp\/v2\/pages\/51\/revisions"}],"predecessor-version":[{"id":248,"href":"https:\/\/tecnirisk.com\/index.php\/wp-json\/wp\/v2\/pages\/51\/revisions\/248"}],"up":[{"embeddable":true,"href":"https:\/\/tecnirisk.com\/index.php\/wp-json\/wp\/v2\/pages\/43"}],"wp:attachment":[{"href":"https:\/\/tecnirisk.com\/index.php\/wp-json\/wp\/v2\/media?parent=51"}],"curies":[{"name":"wp","href":"https:\/\/api.w.org\/{rel}","templated":true}]}}