{"id":7,"date":"2016-02-11T10:31:07","date_gmt":"2016-02-11T10:31:07","guid":{"rendered":"https:\/\/tecnirisk.com\/2017\/?page_id=7"},"modified":"2016-06-29T10:05:22","modified_gmt":"2016-06-29T10:05:22","slug":"pagina-2","status":"publish","type":"page","link":"https:\/\/tecnirisk.com\/index.php\/sample-page\/espanol-energia\/photovoltaic-solar-farms\/pagina-2\/","title":{"rendered":"SEGURO DE RENDIMIENTO SOLAR"},"content":{"rendered":"<p>Seguro de producci\u00f3n para la explotaci\u00f3n de instalaciones solares fotovoltaicas<\/p>\n<p>Esta p\u00f3liza de seguros dise\u00f1ada espec\u00edficamente para proporcionar una amplia protecci\u00f3n de los activos, ingresos generados, la responsabilidad \u00a0civil frente a terceros y la reducci\u00f3n en la producci\u00f3n de energ\u00eda.<\/p>\n<p>Este seguro puede cubrir tanto instalaciones nuevas como ya en explotaci\u00f3n y est\u00e1 disponible por per\u00edodos de hasta cinco a\u00f1os.<\/p>\n<p>Coberturas:<\/p>\n<p>&#8211; Da\u00f1os materiales: cobertura de da\u00f1os materiales, incluyendo la aver\u00eda de maquinaria de los equipos que componen la instalaci\u00f3n de energ\u00eda solar fotovoltaica. La sustituci\u00f3n de los equipos se lleva a cabo en base a \u201cnuevo por antiguo\u201d.<\/p>\n<p>&#8211; P\u00e9rdida de beneficios: cobertura para la p\u00e9rdida de los ingresos brutos y costes adicionales de explotaci\u00f3n como resultado de da\u00f1os a los equipos e instalaciones. Los ingresos incluyen cualquier ingreso recibido por la generaci\u00f3n de electricidad.<\/p>\n<p>&#8211; Responsabilidad civil frente a terceros: cobertura para las responsabilidades legales resultantes de la explotaci\u00f3n de la instalaci\u00f3n de energ\u00eda solar fotovoltaica.<\/p>\n<p>&#8211; Reducci\u00f3n de la producci\u00f3n solar: cubre la reducci\u00f3n anual en el rendimiento de la instalaci\u00f3n como resultado de un descenso de la irradiaci\u00f3n solar, c\u00e1lculo err\u00f3neo de producci\u00f3n estimada o de la aplicaci\u00f3n de materiales, ejecuci\u00f3n o dise\u00f1o defectuosos. Por lo tanto no es necesario que se produzca un da\u00f1o material para que se active esta cobertura.<\/p>\n<p>La cobertura de reducci\u00f3n de la producci\u00f3n solar est\u00e1 dise\u00f1ada para otorgar protecci\u00f3n ante determinados riesgos que pueden afectar al rendimiento de instalaciones solares fotovoltaicas, tales como:<\/p>\n<p>&#8211; Falta de sol: la producci\u00f3n de una instalaci\u00f3n fotovoltaica es totalmente dependiente de la luz recibida. Una reducci\u00f3n de la radiaci\u00f3n solar podr\u00eda resultar en un rendimiento menor. Por lo tanto, si una instalaci\u00f3n experimenta un inesperado per\u00edodo prolongado de tiempo nublado se produce un descenso en la generaci\u00f3n de electricidad; lo que afecta de igual manera a los ingresos obtenidos por el inversor.<\/p>\n<p>&#8211; C\u00e1lculo err\u00f3neo: el c\u00e1lculo de la estimaci\u00f3n del rendimiento de una instalaci\u00f3n solar fotovoltaica es muy complejo. Numerosas variables han de ser tenidas en consideraci\u00f3n tales como la eficiencia de los paneles, la temperatura ambiental, la radiaci\u00f3n solar prevista, el \u00e1ngulo de los paneles, el efecto de los mecanismos de seguimiento, el sombreado, el mantenimiento, las p\u00e9rdidas en la conducci\u00f3n adem\u00e1s de otros muchos elementos. Un error en los c\u00e1lculos puede resultar en unas proyecciones m\u00e1s optimistas que no se materialicen durante la explotaci\u00f3n, lo que resultar\u00eda en consecuencias negativas para los inversores y sus financiadores.<\/p>\n<p>&#8211; Equipos o montaje defectuosos: incluso si las proyecciones se calculan con precisi\u00f3n, un montaje deficiente de la instalaci\u00f3n podr\u00eda resultar en que no se produzcan los rendimientos esperados. Defectos en los materiales pueden dar lugar a una degradaci\u00f3n acelerada del rendimiento de los paneles fotovoltaicos y un descenso significativo de la producci\u00f3n.<\/p>\n<p>Beneficios del seguro de producci\u00f3n para la explotaci\u00f3n de instalaciones solares fotovoltaicas:<\/p>\n<p>Propietarios \/ inversores:<\/p>\n<ul>\n<li>Equipos cubiertos ante da\u00f1os materiales y aver\u00eda de maquinaria<\/li>\n<li>Ingresos protegidos como consecuencia de da\u00f1os materiales<\/li>\n<li>Responsabilidad civil de explotaci\u00f3n cubierta<\/li>\n<li>Tranquilidad de saber que una reducci\u00f3n en el rendimiento est\u00e1 cubierta por el seguro<\/li>\n<li>Se mejora la calificaci\u00f3n de riesgo del proyecto<\/li>\n<li>Mejora el acceso a la financiaci\u00f3n de proyectos<\/li>\n<\/ul>\n<p>Bancos \/ Financiadores<\/p>\n<ul>\n<li>Se elimina la incertidumbre t\u00e9cnica del proyecto<\/li>\n<li>Mejora la solvencia de los proyectos<\/li>\n<li>Protecci\u00f3n para la devoluci\u00f3n de los cr\u00e9ditos<\/li>\n<\/ul>\n<p>&nbsp;<\/p>\n<p>Para m\u00e1s informaci\u00f3n <a href=\"https:\/\/tecnirisk.com\/index.php\/contact\/\">cont\u00e1ctenos <\/a>o env\u00edenos\u00a0el cuestionario adjunto debidamente cumplimentado para recibir una oferta.<\/p>\n<p><a href=\"https:\/\/tecnirisk.com\/wp-content\/uploads\/2016\/02\/Cuestionario-Seguro-Rendimiento-Solar.pdf\" rel=\"\">Cuestionario Seguro Rendimiento Solar<\/a><\/p>","protected":false},"excerpt":{"rendered":"<p>Seguro de producci\u00f3n para la explotaci\u00f3n de instalaciones solares fotovoltaicas Esta p\u00f3liza de seguros dise\u00f1ada espec\u00edficamente para proporcionar una amplia protecci\u00f3n de los activos, ingresos generados, la responsabilidad \u00a0civil frente a terceros y la reducci\u00f3n en la producci\u00f3n de energ\u00eda. Este seguro puede cubrir tanto instalaciones nuevas como ya en explotaci\u00f3n y est\u00e1 disponible por &hellip; <a href=\"https:\/\/tecnirisk.com\/index.php\/sample-page\/espanol-energia\/photovoltaic-solar-farms\/pagina-2\/\" class=\"more-link\">Seguir leyendo <span class=\"screen-reader-text\">SEGURO DE RENDIMIENTO SOLAR<\/span> <span class=\"meta-nav\">&rarr;<\/span><\/a><\/p>\n","protected":false},"author":1,"featured_media":0,"parent":60,"menu_order":0,"comment_status":"closed","ping_status":"closed","template":"","meta":{"footnotes":""},"_links":{"self":[{"href":"https:\/\/tecnirisk.com\/index.php\/wp-json\/wp\/v2\/pages\/7"}],"collection":[{"href":"https:\/\/tecnirisk.com\/index.php\/wp-json\/wp\/v2\/pages"}],"about":[{"href":"https:\/\/tecnirisk.com\/index.php\/wp-json\/wp\/v2\/types\/page"}],"author":[{"embeddable":true,"href":"https:\/\/tecnirisk.com\/index.php\/wp-json\/wp\/v2\/users\/1"}],"replies":[{"embeddable":true,"href":"https:\/\/tecnirisk.com\/index.php\/wp-json\/wp\/v2\/comments?post=7"}],"version-history":[{"count":16,"href":"https:\/\/tecnirisk.com\/index.php\/wp-json\/wp\/v2\/pages\/7\/revisions"}],"predecessor-version":[{"id":247,"href":"https:\/\/tecnirisk.com\/index.php\/wp-json\/wp\/v2\/pages\/7\/revisions\/247"}],"up":[{"embeddable":true,"href":"https:\/\/tecnirisk.com\/index.php\/wp-json\/wp\/v2\/pages\/60"}],"wp:attachment":[{"href":"https:\/\/tecnirisk.com\/index.php\/wp-json\/wp\/v2\/media?parent=7"}],"curies":[{"name":"wp","href":"https:\/\/api.w.org\/{rel}","templated":true}]}}