{"id":77,"date":"2016-05-18T16:39:52","date_gmt":"2016-05-18T16:39:52","guid":{"rendered":"https:\/\/tecnirisk.com\/2017\/?page_id=77"},"modified":"2016-08-03T10:07:01","modified_gmt":"2016-08-03T10:07:01","slug":"machinery-breakdown","status":"publish","type":"page","link":"https:\/\/tecnirisk.com\/index.php\/sample-page\/machinery-breakdown\/","title":{"rendered":"AVER\u00cdA DE MAQUINARIA"},"content":{"rendered":"<p>Cobertura de Aver\u00eda de Maquinaria para equipos y maquinaria diversa incluyendo maquinaria y equipos de construcci\u00f3n.<\/p>\n<p>Principales coberturas:<\/p>\n<ul>\n<li>Da\u00f1os externos e internos.<\/li>\n<li>P\u00e9rdida de Beneficios<\/li>\n<\/ul>\n<p>Posibilidades de agrupar bienes en Programas globales y\/o anuales.<\/p>\n<p>Para m\u00e1s informaci\u00f3n <a href=\"https:\/\/tecnirisk.com\/index.php\/contact\/\">cont\u00e1ctenos<\/a>.<\/p>","protected":false},"excerpt":{"rendered":"<p>Cobertura de Aver\u00eda de Maquinaria para equipos y maquinaria diversa incluyendo maquinaria y equipos de construcci\u00f3n. Principales coberturas: Da\u00f1os externos e internos. P\u00e9rdida de Beneficios Posibilidades de agrupar bienes en Programas globales y\/o anuales. Para m\u00e1s informaci\u00f3n cont\u00e1ctenos.<\/p>\n","protected":false},"author":1,"featured_media":0,"parent":2,"menu_order":2,"comment_status":"closed","ping_status":"closed","template":"","meta":{"footnotes":""},"_links":{"self":[{"href":"https:\/\/tecnirisk.com\/index.php\/wp-json\/wp\/v2\/pages\/77"}],"collection":[{"href":"https:\/\/tecnirisk.com\/index.php\/wp-json\/wp\/v2\/pages"}],"about":[{"href":"https:\/\/tecnirisk.com\/index.php\/wp-json\/wp\/v2\/types\/page"}],"author":[{"embeddable":true,"href":"https:\/\/tecnirisk.com\/index.php\/wp-json\/wp\/v2\/users\/1"}],"replies":[{"embeddable":true,"href":"https:\/\/tecnirisk.com\/index.php\/wp-json\/wp\/v2\/comments?post=77"}],"version-history":[{"count":5,"href":"https:\/\/tecnirisk.com\/index.php\/wp-json\/wp\/v2\/pages\/77\/revisions"}],"predecessor-version":[{"id":252,"href":"https:\/\/tecnirisk.com\/index.php\/wp-json\/wp\/v2\/pages\/77\/revisions\/252"}],"up":[{"embeddable":true,"href":"https:\/\/tecnirisk.com\/index.php\/wp-json\/wp\/v2\/pages\/2"}],"wp:attachment":[{"href":"https:\/\/tecnirisk.com\/index.php\/wp-json\/wp\/v2\/media?parent=77"}],"curies":[{"name":"wp","href":"https:\/\/api.w.org\/{rel}","templated":true}]}}