{"id":80,"date":"2016-05-18T17:07:57","date_gmt":"2016-05-18T17:07:57","guid":{"rendered":"https:\/\/tecnirisk.com\/2017\/?page_id=80"},"modified":"2016-08-03T10:07:27","modified_gmt":"2016-08-03T10:07:27","slug":"property-damages","status":"publish","type":"page","link":"https:\/\/tecnirisk.com\/index.php\/sample-page\/property-damages\/","title":{"rendered":"DA\u00d1OS MATERIALES"},"content":{"rendered":"<p>Riesgos que por su naturaleza, exposici\u00f3n y\/o tama\u00f1o el mercado local no proporciona una soluci\u00f3n competitiva, no dispone de capacidad suficiente\u00a0o no\u00a0ofrece una cobertura adecuada, como por ejemplo:<\/p>\n<ul>\n<li>Desmotadoras de Algod\u00f3n<\/li>\n<li>Secadoras de Alfalfa<\/li>\n<li>Riesgos Industriales<\/li>\n<li>Riesgos Catastr\u00f3ficos<\/li>\n<li>Programas Internacionales<\/li>\n<li>etc.<\/li>\n<\/ul>\n<p>Para m\u00e1s informaci\u00f3n <a href=\"https:\/\/tecnirisk.com\/index.php\/contact\/\">cont\u00e1ctenos<\/a>.<\/p>","protected":false},"excerpt":{"rendered":"<p>Riesgos que por su naturaleza, exposici\u00f3n y\/o tama\u00f1o el mercado local no proporciona una soluci\u00f3n competitiva, no dispone de capacidad suficiente\u00a0o no\u00a0ofrece una cobertura adecuada, como por ejemplo: Desmotadoras de Algod\u00f3n Secadoras de Alfalfa Riesgos Industriales Riesgos Catastr\u00f3ficos Programas Internacionales etc. Para m\u00e1s informaci\u00f3n cont\u00e1ctenos.<\/p>\n","protected":false},"author":1,"featured_media":0,"parent":2,"menu_order":3,"comment_status":"closed","ping_status":"closed","template":"","meta":{"footnotes":""},"_links":{"self":[{"href":"https:\/\/tecnirisk.com\/index.php\/wp-json\/wp\/v2\/pages\/80"}],"collection":[{"href":"https:\/\/tecnirisk.com\/index.php\/wp-json\/wp\/v2\/pages"}],"about":[{"href":"https:\/\/tecnirisk.com\/index.php\/wp-json\/wp\/v2\/types\/page"}],"author":[{"embeddable":true,"href":"https:\/\/tecnirisk.com\/index.php\/wp-json\/wp\/v2\/users\/1"}],"replies":[{"embeddable":true,"href":"https:\/\/tecnirisk.com\/index.php\/wp-json\/wp\/v2\/comments?post=80"}],"version-history":[{"count":8,"href":"https:\/\/tecnirisk.com\/index.php\/wp-json\/wp\/v2\/pages\/80\/revisions"}],"predecessor-version":[{"id":253,"href":"https:\/\/tecnirisk.com\/index.php\/wp-json\/wp\/v2\/pages\/80\/revisions\/253"}],"up":[{"embeddable":true,"href":"https:\/\/tecnirisk.com\/index.php\/wp-json\/wp\/v2\/pages\/2"}],"wp:attachment":[{"href":"https:\/\/tecnirisk.com\/index.php\/wp-json\/wp\/v2\/media?parent=80"}],"curies":[{"name":"wp","href":"https:\/\/api.w.org\/{rel}","templated":true}]}}