{"id":88,"date":"2016-05-18T17:33:21","date_gmt":"2016-05-18T17:33:21","guid":{"rendered":"https:\/\/tecnirisk.com\/2017\/?page_id=88"},"modified":"2016-08-03T10:07:39","modified_gmt":"2016-08-03T10:07:39","slug":"liability","status":"publish","type":"page","link":"https:\/\/tecnirisk.com\/index.php\/sample-page\/liability\/","title":{"rendered":"RESPONSABILIDAD CIVIL"},"content":{"rendered":"<p>Actividades o proyectos que por su naturaleza, exposici\u00f3n y\/o tama\u00f1o el mercado local no proporciona una soluci\u00f3n competitiva, no dispone de capacidad suficiente o no ofrece una cobertura adecuada, como por ejemplo:<\/p>\n<ul>\n<li>Energ\u00eda<\/li>\n<li>Riesgos Industriales<\/li>\n<li>Actividades de alto riesgo<\/li>\n<li>Actividades en aeropuertos<\/li>\n<li>Programas Internacionales<\/li>\n<li><a href=\"https:\/\/tecnirisk.com\/index.php\/sample-page\/liability\/espanol-responsabilidad-civil-profesional\/\">Responsabilidad Civil Profesional<\/a><\/li>\n<li><a href=\"https:\/\/tecnirisk.com\/index.php\/sample-page\/liability\/espanol-responsabilidad-civil-medioambiental\/\">Responsabilidad Civil Medioambiental<\/a><\/li>\n<li>etc.<\/li>\n<\/ul>\n<p>&nbsp;<\/p>\n<p>Para m\u00e1s informaci\u00f3n <a href=\"https:\/\/tecnirisk.com\/index.php\/contact\/\">cont\u00e1ctenos <\/a>o env\u00edenos el cuestionario adjunto debidamente cumplimentado para recibir una oferta.<\/p>\n<p><a href=\"https:\/\/tecnirisk.com\/wp-content\/uploads\/2016\/05\/Cuestionario-Responsabilidad-Civil-General.pdf\" rel=\"\">Cuestionario Responsabilidad Civil General<\/a><\/p>","protected":false},"excerpt":{"rendered":"<p>Actividades o proyectos que por su naturaleza, exposici\u00f3n y\/o tama\u00f1o el mercado local no proporciona una soluci\u00f3n competitiva, no dispone de capacidad suficiente o no ofrece una cobertura adecuada, como por ejemplo: Energ\u00eda Riesgos Industriales Actividades de alto riesgo Actividades en aeropuertos Programas Internacionales Responsabilidad Civil Profesional Responsabilidad Civil Medioambiental etc. &nbsp; Para m\u00e1s informaci\u00f3n &hellip; <a href=\"https:\/\/tecnirisk.com\/index.php\/sample-page\/liability\/\" class=\"more-link\">Seguir leyendo <span class=\"screen-reader-text\">RESPONSABILIDAD CIVIL<\/span> <span class=\"meta-nav\">&rarr;<\/span><\/a><\/p>\n","protected":false},"author":1,"featured_media":0,"parent":2,"menu_order":4,"comment_status":"closed","ping_status":"closed","template":"","meta":{"footnotes":""},"_links":{"self":[{"href":"https:\/\/tecnirisk.com\/index.php\/wp-json\/wp\/v2\/pages\/88"}],"collection":[{"href":"https:\/\/tecnirisk.com\/index.php\/wp-json\/wp\/v2\/pages"}],"about":[{"href":"https:\/\/tecnirisk.com\/index.php\/wp-json\/wp\/v2\/types\/page"}],"author":[{"embeddable":true,"href":"https:\/\/tecnirisk.com\/index.php\/wp-json\/wp\/v2\/users\/1"}],"replies":[{"embeddable":true,"href":"https:\/\/tecnirisk.com\/index.php\/wp-json\/wp\/v2\/comments?post=88"}],"version-history":[{"count":8,"href":"https:\/\/tecnirisk.com\/index.php\/wp-json\/wp\/v2\/pages\/88\/revisions"}],"predecessor-version":[{"id":254,"href":"https:\/\/tecnirisk.com\/index.php\/wp-json\/wp\/v2\/pages\/88\/revisions\/254"}],"up":[{"embeddable":true,"href":"https:\/\/tecnirisk.com\/index.php\/wp-json\/wp\/v2\/pages\/2"}],"wp:attachment":[{"href":"https:\/\/tecnirisk.com\/index.php\/wp-json\/wp\/v2\/media?parent=88"}],"curies":[{"name":"wp","href":"https:\/\/api.w.org\/{rel}","templated":true}]}}