{"id":95,"date":"2016-05-18T19:11:48","date_gmt":"2016-05-18T19:11:48","guid":{"rendered":"https:\/\/tecnirisk.com\/2017\/?page_id=95"},"modified":"2016-06-29T10:10:48","modified_gmt":"2016-06-29T10:10:48","slug":"espanol-responsabilidad-civil-medioambiental","status":"publish","type":"page","link":"https:\/\/tecnirisk.com\/index.php\/sample-page\/liability\/espanol-responsabilidad-civil-medioambiental\/","title":{"rendered":"RESPONSABILIDAD CIVIL MEDIOAMBIENTAL"},"content":{"rendered":"<p>Actividades, proyectos o industrias que por su naturaleza, exposici\u00f3n y\/o tama\u00f1o el mercado local no proporciona una soluci\u00f3n competitiva, no dispone de capacidad suficiente o no ofrece una cobertura adecuada.<\/p>\n<p>Para m\u00e1s informaci\u00f3n <a href=\"https:\/\/tecnirisk.com\/index.php\/contact\/\">cont\u00e1ctenos <\/a>o env\u00edenos el cuestionario adjunto debidamente cumplimentado para recibir una oferta.<\/p>\n<p><a href=\"https:\/\/tecnirisk.com\/wp-content\/uploads\/2016\/05\/Cuestionario-Responsabilidad-Civil-Profesional-1.pdf\" rel=\"\">Cuestionario Responsabilidad Civil Profesional<\/a><\/p>","protected":false},"excerpt":{"rendered":"<p>Actividades, proyectos o industrias que por su naturaleza, exposici\u00f3n y\/o tama\u00f1o el mercado local no proporciona una soluci\u00f3n competitiva, no dispone de capacidad suficiente o no ofrece una cobertura adecuada. Para m\u00e1s informaci\u00f3n cont\u00e1ctenos o env\u00edenos el cuestionario adjunto debidamente cumplimentado para recibir una oferta. Cuestionario Responsabilidad Civil Profesional<\/p>\n","protected":false},"author":1,"featured_media":0,"parent":88,"menu_order":1,"comment_status":"closed","ping_status":"closed","template":"","meta":{"footnotes":""},"_links":{"self":[{"href":"https:\/\/tecnirisk.com\/index.php\/wp-json\/wp\/v2\/pages\/95"}],"collection":[{"href":"https:\/\/tecnirisk.com\/index.php\/wp-json\/wp\/v2\/pages"}],"about":[{"href":"https:\/\/tecnirisk.com\/index.php\/wp-json\/wp\/v2\/types\/page"}],"author":[{"embeddable":true,"href":"https:\/\/tecnirisk.com\/index.php\/wp-json\/wp\/v2\/users\/1"}],"replies":[{"embeddable":true,"href":"https:\/\/tecnirisk.com\/index.php\/wp-json\/wp\/v2\/comments?post=95"}],"version-history":[{"count":9,"href":"https:\/\/tecnirisk.com\/index.php\/wp-json\/wp\/v2\/pages\/95\/revisions"}],"predecessor-version":[{"id":256,"href":"https:\/\/tecnirisk.com\/index.php\/wp-json\/wp\/v2\/pages\/95\/revisions\/256"}],"up":[{"embeddable":true,"href":"https:\/\/tecnirisk.com\/index.php\/wp-json\/wp\/v2\/pages\/88"}],"wp:attachment":[{"href":"https:\/\/tecnirisk.com\/index.php\/wp-json\/wp\/v2\/media?parent=95"}],"curies":[{"name":"wp","href":"https:\/\/api.w.org\/{rel}","templated":true}]}}